{"id":184,"date":"2018-06-15T04:21:18","date_gmt":"2018-06-15T04:21:18","guid":{"rendered":"http:\/\/www.danatal.com\/site\/?page_id=184"},"modified":"2023-10-02T20:28:03","modified_gmt":"2023-10-03T01:28:03","slug":"lactancia","status":"publish","type":"page","link":"https:\/\/www.danatal.com\/site\/lactancia\/","title":{"rendered":"Lactancia"},"content":{"rendered":"<h1>Lactancia<\/h1>\n<p>\t\t\t\t\t\t\t<i><b>\u201cSi existiese una vacuna con los beneficios de la lactancia materna, los padres pagar\u00edan lo que fuera por comprarla\u201d.<\/b><\/i><br \/>\n\t\t\t\t\t\t\t\t\t\t\t\t\t\tDr. Carlos Gonz\u00e1lez<br \/>\n\t\t\t\t\t\t\t\t\t\t\t\t\t\t\t\t\t\t\t\t\t\tPediatra<\/p>\n<p>Las Asesoras o Educadoras en Lactancia y facilitadoras de grupos de apoyo son personas capacitadas para brindar ayuda profesional y personalizada, para sobrellevar los retos de la lactancia y resolver los problemas que pudieran surgir en relaci\u00f3n a este tema<\/p>\n<p>La meta de nuestras Educadoras en Lactancia es ayudar a las mujeres a tomar decisiones informadas acerca de la alimentaci\u00f3n de sus beb\u00e9s y apoyarlas para que puedan lograr sus metas de lactancia.<\/p>\n<p>La Asesora es un integrante m\u00e1s que se suma al equipo Mam\u00e1-Ginec\u00f3logo-Pediatra, aportando informaci\u00f3n, seguimiento y apoyo que algunas veces, trasciende el campo de los Doctores.<\/p>\n<p>La lactancia es una pr\u00e1ctica saludable, de mucho trabajo y compromiso, que requiere mucha dedicaci\u00f3n, paciencia, apoyo e informaci\u00f3n.<\/p>\n<p>\t\t\t\t\t\t\t\t\t\t\t\t\t\t\t<img width=\"585\" height=\"380\" src=\"https:\/\/www.danatal.com\/site\/wp-content\/uploads\/2018\/06\/Captura_de_pantalla_2017-04-22_a_las_13.41.47.png\" alt=\"\" loading=\"lazy\" srcset=\"https:\/\/www.danatal.com\/site\/wp-content\/uploads\/2018\/06\/Captura_de_pantalla_2017-04-22_a_las_13.41.47.png 585w, https:\/\/www.danatal.com\/site\/wp-content\/uploads\/2018\/06\/Captura_de_pantalla_2017-04-22_a_las_13.41.47-300x195.png 300w\" sizes=\"(max-width: 585px) 100vw, 585px\" \/><br \/>\n\t\t\t\t\t\t\t\t\t\t\t\t\t\t\t<img width=\"576\" height=\"706\" src=\"https:\/\/www.danatal.com\/site\/wp-content\/uploads\/2022\/04\/foto-1-1-576x1024-1.jpg\" alt=\"\" loading=\"lazy\" srcset=\"https:\/\/www.danatal.com\/site\/wp-content\/uploads\/2022\/04\/foto-1-1-576x1024-1.jpg 576w, https:\/\/www.danatal.com\/site\/wp-content\/uploads\/2022\/04\/foto-1-1-576x1024-1-245x300.jpg 245w\" sizes=\"(max-width: 576px) 100vw, 576px\" \/>\t\t\t\t\t\t\t\t\t\t\t\t\t\t\t<\/p>\n<p>Esto incluye informaci\u00f3n sobre nutrici\u00f3n y buena postura y agarre, sugerir soluciones pr\u00e1cticas y ser una gu\u00eda para resolver problemas frecuentes como los siguientes:<\/p>\n<ul>\n<li>Lactancia dolorosa, incluyendo pezones lastimados<\/li>\n<li>Dificultad de agarre del beb\u00e9 al pecho, dificultad para encontrar posiciones c\u00f3modas<\/li>\n<li>Beb\u00e9s que no pueden alimentarse directamente del pecho<\/li>\n<li>Mastitis<\/li>\n<li>Dificultad para lograr y mantener una buena producci\u00f3n de leche<\/li>\n<li>Sobrellevar el reto de seguir amamantando y volver al trabajo<\/li>\n<\/ul>\n<p>Ofrecemos consultas prenatales, en el hospital inmediatamente despu\u00e9s del nacimiento del beb\u00e9 (es muy importante trabajar en la prevenci\u00f3n de problemas), en Danatal, y a domicilio, brindando tambi\u00e9n seguimiento por la v\u00eda telef\u00f3nica.<\/p>\n<p>\t\t\t\t\t\t\t\t\t\t\t\t\t\t\t<img width=\"470\" height=\"379\" src=\"https:\/\/www.danatal.com\/site\/wp-content\/uploads\/2021\/11\/DANATAL_LOGONacimientosenarmonia-footer.png\" alt=\"\" loading=\"lazy\" srcset=\"https:\/\/www.danatal.com\/site\/wp-content\/uploads\/2021\/11\/DANATAL_LOGONacimientosenarmonia-footer.png 470w, https:\/\/www.danatal.com\/site\/wp-content\/uploads\/2021\/11\/DANATAL_LOGONacimientosenarmonia-footer-300x242.png 300w\" sizes=\"(max-width: 470px) 100vw, 470px\" \/>\t\t\t\t\t\t\t\t\t\t\t\t\t\t\t<\/p>\n<p style=\"text-align: center;\"><a href=\"https:\/\/mkt.danatal.com\/politica-de-privacidad\">Pol\u00edtica de Privacidad<\/a> | <a href=\"https:\/\/mkt.danatal.com\/terminos-y-condiciones\">T\u00e9rminos y Condiciones<\/a> | <a href=\"https:\/\/mkt.danatal.com\/politicas-de-cookies\">Cookies<\/a><\/p>\n<p>\t\t\t\t\t\t\t\t\t\t\t\t\t\t\t<img width=\"263\" height=\"36\" src=\"https:\/\/www.danatal.com\/site\/wp-content\/uploads\/2021\/11\/metodos-de-pago-danatal.png\" alt=\"\" loading=\"lazy\" \/><br \/>\n\t\tHecho con amor por <a href=\"https:\/\/www.webstyle.mx\/\" target=\"_blank\" rel=\"noopener\" style=\"color:#806da9;\">Webstyle<\/a><\/p>\n","protected":false},"excerpt":{"rendered":"<p>Lactancia \u201cSi existiese una vacuna con los beneficios de la lactancia materna, los padres pagar\u00edan lo que fuera por comprarla\u201d. Dr. Carlos Gonz\u00e1lez Pediatra Las Asesoras o Educadoras en Lactancia y facilitadoras de grupos de apoyo son personas capacitadas para brindar ayuda profesional y personalizada, para sobrellevar los retos de la lactancia y resolver los [&hellip;]<\/p>\n","protected":false},"author":1,"featured_media":0,"parent":0,"menu_order":0,"comment_status":"closed","ping_status":"closed","template":"elementor_header_footer","meta":[],"aioseo_notices":[],"_links":{"self":[{"href":"https:\/\/www.danatal.com\/site\/wp-json\/wp\/v2\/pages\/184"}],"collection":[{"href":"https:\/\/www.danatal.com\/site\/wp-json\/wp\/v2\/pages"}],"about":[{"href":"https:\/\/www.danatal.com\/site\/wp-json\/wp\/v2\/types\/page"}],"author":[{"embeddable":true,"href":"https:\/\/www.danatal.com\/site\/wp-json\/wp\/v2\/users\/1"}],"replies":[{"embeddable":true,"href":"https:\/\/www.danatal.com\/site\/wp-json\/wp\/v2\/comments?post=184"}],"version-history":[{"count":58,"href":"https:\/\/www.danatal.com\/site\/wp-json\/wp\/v2\/pages\/184\/revisions"}],"predecessor-version":[{"id":4086,"href":"https:\/\/www.danatal.com\/site\/wp-json\/wp\/v2\/pages\/184\/revisions\/4086"}],"wp:attachment":[{"href":"https:\/\/www.danatal.com\/site\/wp-json\/wp\/v2\/media?parent=184"}],"curies":[{"name":"wp","href":"https:\/\/api.w.org\/{rel}","templated":true}]}}