{"id":1971,"date":"2021-11-04T01:55:01","date_gmt":"2021-11-04T07:55:01","guid":{"rendered":"https:\/\/www.danatal.com\/site\/?page_id=1971"},"modified":"2025-11-19T13:55:36","modified_gmt":"2025-11-19T19:55:36","slug":"inicio2","status":"publish","type":"page","link":"https:\/\/www.danatal.com\/site\/","title":{"rendered":"Educaci\u00f3n Materna"},"content":{"rendered":"<p><img width=\"768\" height=\"432\" src=\"https:\/\/www.danatal.com\/site\/wp-content\/uploads\/2025\/11\/1-5.jpg\" alt=\"PORTADA\" loading=\"lazy\" srcset=\"https:\/\/www.danatal.com\/site\/wp-content\/uploads\/2025\/11\/1-5.jpg 1920w, https:\/\/www.danatal.com\/site\/wp-content\/uploads\/2025\/11\/1-5-300x169.jpg 300w, https:\/\/www.danatal.com\/site\/wp-content\/uploads\/2025\/11\/1-5-1024x576.jpg 1024w, https:\/\/www.danatal.com\/site\/wp-content\/uploads\/2025\/11\/1-5-768x432.jpg 768w, https:\/\/www.danatal.com\/site\/wp-content\/uploads\/2025\/11\/1-5-1536x864.jpg 1536w, https:\/\/www.danatal.com\/site\/wp-content\/uploads\/2025\/11\/1-5-600x338.jpg 600w\" sizes=\"(max-width: 768px) 100vw, 768px\" \/>\t\t\t\t\t\t\t\t\t\t\t\t\t\t\t<\/p>\n<h2>El parto seguro y amoroso que siempre deseaste&#8230;<br \/>\u00a1si existe y t\u00fa lo puedes lograr&#8230;!<\/h2>\n<p>Te gu\u00edamos de manera c\u00e1lida, profesional y personalizada para que tengas un nacimiento seguro, saludable y pleno, <strong>con est\u00e1ndares de Oro en el cuidado de tu beb\u00e9<\/strong>, tu cuerpo, tus emociones y el conjunto de tu experiencia.\u00a0<\/p>\n<p>Somos un equipo <em>experto en salud f\u00edsica y mental<\/em> con m\u00e1s de 16 a\u00f1os de experiencia, mas de 500 partos acompa\u00f1ados \u00a1y <strong>m\u00e1s de 6000 mam\u00e1s preparadas en nuestros Programas Prenatales Integrales!<\/strong><\/p>\n<h3>Te ofrecemos los siguientes programas y servicios:<\/h3>\n<p>\t\t<!--====== HTML CODING START ========--><\/p>\n<section id=\"tdt-slider-105\" data-mobiles=\"1\" data-tabs=\"3\" data-slick='{\"arrows\": true, \"autoplaySpeed\": 2500, \"dots\": true, \"autoplay\": true, \"infinite\": true, \"adaptiveHeight\": true, \"pauseOnHover\": true, \"slidesToShow\": 3, \"slidesToScroll\": 1, \"fade\": false, \"touchThreshold\": 5}'>\n\t\t\t\t  \t\t\t\t\t  \t\t<a href=\"https:\/\/www.danatal.com\/site\/curos-prenatal-presencial\/\" ><br \/>\n\t\t\t\t\t  \t\t<img width=\"500\" height=\"500\" src=\"https:\/\/www.danatal.com\/site\/wp-content\/uploads\/2022\/03\/curso-prenatal-presencial-danatal.jpg\" alt=\"Curso prenatal presencial\" loading=\"lazy\" srcset=\"https:\/\/www.danatal.com\/site\/wp-content\/uploads\/2022\/03\/curso-prenatal-presencial-danatal.jpg 500w, https:\/\/www.danatal.com\/site\/wp-content\/uploads\/2022\/03\/curso-prenatal-presencial-danatal-300x300.jpg 300w, https:\/\/www.danatal.com\/site\/wp-content\/uploads\/2022\/03\/curso-prenatal-presencial-danatal-150x150.jpg 150w, https:\/\/www.danatal.com\/site\/wp-content\/uploads\/2022\/03\/curso-prenatal-presencial-danatal-100x100.jpg 100w\" sizes=\"(max-width: 500px) 100vw, 500px\" \/><br \/>\n\t\t\t\t\t\t<\/a><\/p>\n<h3 style=\"text-align: center;\">Curso Prenatal Presencial\u00a0<\/h3>\n<p>\n\t\t\t\t\t\t  \t\t<a href=\"https:\/\/www.danatal.com\/site\/curos-prenatal-presencial\/\"  style=\"background-color: #886DAC; color: #fff; text-decoration: none;\"><br \/>\n\t\t\t\t\t\t\t  \t\t\u00a1Adqui\u00e9relo! <i style=\"font-size:15px\">&#xf07a;<\/i>\t\t\t\t\t\t\t  \t<\/a><\/p>\n<p>&nbsp;<\/p>\n<p>\t\t\t\t  \t\t\t\t\t  \t\t<a href=\"https:\/\/www.danatal.com\/site\/yoga-prenatal\/\" ><br \/>\n\t\t\t\t\t  \t\t<img width=\"431\" height=\"403\" src=\"https:\/\/www.danatal.com\/site\/wp-content\/uploads\/2025\/11\/Captura-de-pantalla-2025-11-10-a-las-11.13.42.jpg\" alt=\"yoga_imagen\" loading=\"lazy\" srcset=\"https:\/\/www.danatal.com\/site\/wp-content\/uploads\/2025\/11\/Captura-de-pantalla-2025-11-10-a-las-11.13.42.jpg 431w, https:\/\/www.danatal.com\/site\/wp-content\/uploads\/2025\/11\/Captura-de-pantalla-2025-11-10-a-las-11.13.42-300x281.jpg 300w\" sizes=\"(max-width: 431px) 100vw, 431px\" \/><br \/>\n\t\t\t\t\t\t<\/a><\/p>\n<h3 style=\"text-align: center;\">FisioYoga Prenatal Online<\/h3>\n<p>\n\t\t\t\t\t\t  \t\t<a href=\"https:\/\/www.danatal.com\/site\/yoga-prenatal\/\"  style=\"background-color: #886DAC; color: #fff; text-decoration: none;\"><br \/>\n\t\t\t\t\t\t\t  \t\t\u00a1Adqui\u00e9relo! <i style=\"font-size:15px\">&#xf07a;<\/i>\t\t\t\t\t\t\t  \t<\/a><\/p>\n<p>&nbsp;<\/p>\n<p>\t\t\t\t  \t\t\t\t\t  \t\t<a href=\"https:\/\/www.danatal.com\/site\/prenatal-en-linea\/\" ><br \/>\n\t\t\t\t\t  \t\t<img width=\"567\" height=\"484\" src=\"https:\/\/www.danatal.com\/site\/wp-content\/uploads\/2025\/11\/Captura-de-pantalla-2025-11-10-a-las-12.00.53.png\" alt=\"\" loading=\"lazy\" srcset=\"https:\/\/www.danatal.com\/site\/wp-content\/uploads\/2025\/11\/Captura-de-pantalla-2025-11-10-a-las-12.00.53.png 567w, https:\/\/www.danatal.com\/site\/wp-content\/uploads\/2025\/11\/Captura-de-pantalla-2025-11-10-a-las-12.00.53-300x256.png 300w\" sizes=\"(max-width: 567px) 100vw, 567px\" \/><br \/>\n\t\t\t\t\t\t<\/a><\/p>\n<h3 style=\"text-align: center;\">Curso Prenatal Online en Pareja<\/h3>\n<p>\n\t\t\t\t\t\t  \t\t<a href=\"https:\/\/www.danatal.com\/site\/prenatal-en-linea\/\"  style=\"background-color: #886DAC; color: #fff; text-decoration: none;\"><br \/>\n\t\t\t\t\t\t\t  \t\t\u00a1Adqui\u00e9relo! <i style=\"font-size:15px\">&#xf07a;<\/i>\t\t\t\t\t\t\t  \t<\/a><\/p>\n<p>&nbsp;<\/p>\n<\/section>\n<style>\n\t\t\t#tdt-slider-105 .slick-prev {\n\t\t\t\tleft: 40px !important;\n\t\t\t}\n\t\t\t#tdt-slider-105 .slick-next {\n\t\t\t\tright: 40px !important;\n\t\t\t}\n\t\t\t#tdt-slider-105.content-over-slider .slick-slide .content-section {\n\t\t\t\ttop: 15%;\n\t\t\t}\n\t\t\t@media only screen and (max-width: 480px) {\n\t\t\t\t#tdt-slider-105.content-over-slider .slick-slide .content-section {\n\t\t\t\t\ttop: 35px !important;\n\t\t\t\t}\n\t\t\t\t#tdt-slider-105.content-over-slider .ultimate-slide-img img{\n\t\t\t\t\theight: 300px !important;\n\t\t\t\t\tobject-fit: cover;\n\t\t\t\t}\n\t\t\t\t#tdt-slider-105 .slick-prev, #tdt-slider-105 .slick-next {\n\t\t\t\t\tdisplay: block !important;\n\t\t\t\t}\n\t\t\t}\n\t\t<\/style>\n<h3>                    <a href=\"https:\/\/www.danatal.com\/site\/seminario-gratuito-parir-sin-miedo\/\"><br \/>\n\t\t\t\t\t\tMasterclass Parir sin miedo                    <\/a><br \/>\n\t\t\t\t<\/h3>\n<p>\t\t\t\t\t\t\t\t\t\t\t\t\t\t\t\t                    <a href=\"https:\/\/www.danatal.com\/site\/seminario-gratuito-parir-sin-miedo\/\"><br \/>\n\t\t\t\t\t\t\t\t\t\t\t\tInformes\t\t\t\t\t\t                    <\/a><\/p>\n<h3>                    <a href=\"https:\/\/www.danatal.com\/site\/formacion-para-doulas\/\"><br \/>\n\t\t\t\t\t\tFormaci\u00f3n<br \/> Doulas Danatal                    <\/a><br \/>\n\t\t\t\t<\/h3>\n<p>\t\t\t\t\t\t\t\t\t\t\t\t\t\t\t\t                    <a href=\"https:\/\/www.danatal.com\/site\/formacion-para-doulas\/\"><br \/>\n\t\t\t\t\t\t\t\t\t\t\t\tInformes\t\t\t\t\t\t                    <\/a><\/p>\n<h3>                    <a href=\"https:\/\/www.danatal.com\/site\/doula-de-parto\/\"><br \/>\n\t\t\t\t\t\tDoula de<br \/> Parto                    <\/a><br \/>\n\t\t\t\t<\/h3>\n<p>\t\t\t\t\t\t\t\t\t\t\t\t\t\t\t\t                    <a href=\"https:\/\/www.danatal.com\/site\/doula-de-parto\/\"><br \/>\n\t\t\t\t\t\t\t\t\t\t\t\tInformes\t\t\t\t\t\t                    <\/a><br \/>\n\t\t\t\t\t\t\t\t\t\t\t\t\t\t\t<img width=\"547\" height=\"361\" src=\"https:\/\/www.danatal.com\/site\/wp-content\/uploads\/2025\/11\/Captura-de-pantalla-2025-11-10-a-las-11.31.11.png\" alt=\"\" loading=\"lazy\" srcset=\"https:\/\/www.danatal.com\/site\/wp-content\/uploads\/2025\/11\/Captura-de-pantalla-2025-11-10-a-las-11.31.11.png 547w, https:\/\/www.danatal.com\/site\/wp-content\/uploads\/2025\/11\/Captura-de-pantalla-2025-11-10-a-las-11.31.11-300x198.png 300w\" sizes=\"(max-width: 547px) 100vw, 547px\" \/>\t\t\t\t\t\t\t\t\t\t\t\t\t\t\t<\/p>\n<h2>La ciencia del Nacimiento<\/h2>\n<p>Queremos que todas las futuras mam\u00e1s y pap\u00e1s encuentren un espacio profesional pero tambi\u00e9n c\u00e1lido e inspirador para construir su propia experiencia de nacimiento.<\/p>\n<p>Que los hombres tambi\u00e9n disfruten y se involucren en el proceso, con herramientas efectivas para apoyar a la mujer.<\/p>\n<p>Las personas que se convierten en padres est\u00e1n rodeadas por muchos mitos, miedos y preocupaciones; en Danatal encontrar\u00e1n un espacio <strong>profesional, c\u00e1lido y seguro<\/strong>, que ofrece orientaci\u00f3n adecuada, basada en la evidencia, impartida por profesionales con <strong>mucha experiencia<\/strong>. \u00a0 \u00a0 \u00a0<\/p>\n<p>&#8220;Danatal es una perfecta combinaci\u00f3n entre <strong>profesionalismo y c\u00e1lido acompa\u00f1amiento.&#8221;\u00a0<\/strong><\/p>\n<h2>Conocimiento que crea experiencias \u00fanicas<\/h2>\n<figure><img width=\"82\" height=\"82\" src=\"https:\/\/www.danatal.com\/site\/wp-content\/uploads\/2022\/05\/testimonio-danatal-mario-mata.png\" alt=\"\" loading=\"lazy\" \/><\/figure>\n<p>No alcanzan las palabras para describir el curso y el apoyo en general de Diana y Fabiola. Honestamente no esperaba nada de este curso como futuro pap\u00e1 puesto que siempre tenemos la idea de que los pap\u00e1s solo esperamos al beb\u00e9 y listo.<br \/>Qu\u00e9 equivocado estaba\u2026 todo este curso me ayud\u00f3 a sentirme aun m\u00e1s parte del proceso y me acerc\u00f3 m\u00e1s a mi esposa; estamos m\u00e1s que listos para recibir a nuestro beb\u00e9!<br \/>El curso te ayuda a saber, prevenir y cambiar toda la perspectiva que tenemos del embarazo, el parto y despu\u00e9s del nacimiento.<br \/>En fin, es demasiado. Nuevamente gracias!<\/p>\n<ul>\n<li><\/li>\n<li><\/li>\n<li><\/li>\n<li><\/li>\n<li><\/li>\n<\/ul>\n<p>Mario Mata<\/p>\n<figure><img width=\"82\" height=\"82\" src=\"https:\/\/www.danatal.com\/site\/wp-content\/uploads\/2022\/05\/testimonio-danatal-mario-lorena.png\" alt=\"\" loading=\"lazy\" \/><\/figure>\n<p>El curso ha sido perfecto, tanto para mi como para mi pareja. Ha superado nuestras expectativas, no echamos nada en falta. <br \/>Dan toda la informaci\u00f3n necesaria desde el punto de vista cient\u00edfico, as\u00ed que el resultado es que estamos tranquilos y confiados de cara al parto.<br \/>Adem\u00e1s tengo que destacar la disponibilidad tanto de Diana como de Fabiola para responder dudas, tanto en el curso como en el chat de grupo. <br \/>Mi marido y yo decimos que tuvimos mucha suerte al encontrar este curso y lo recomendamos 100%. Gracias Fabiola y Diana<\/p>\n<ul>\n<li><\/li>\n<li><\/li>\n<li><\/li>\n<li><\/li>\n<li><\/li>\n<\/ul>\n<p>Lorena RS<\/p>\n<figure><img width=\"82\" height=\"82\" src=\"https:\/\/www.danatal.com\/site\/wp-content\/uploads\/2022\/05\/testimonio-danatal-mitzy-robledo.png\" alt=\"\" loading=\"lazy\" \/><\/figure>\n<p>La atenci\u00f3n que brindan es divina, s\u00faper atentas y amables. Tom\u00e9 el curso prenatal y las clases de yoga, ambas han sido una experiencia incre\u00edble tanto por la informaci\u00f3n como por el acompa\u00f1amiento que dan, s\u00faper respetuoso y c\u00e1lido pero sin perder la formalidad. Estas chicas forman una comunidad s\u00faper linda no solo con mam\u00e1s, me encanta que integran al pap\u00e1 en todo el proceso. <br \/>Se nota su experiencia en todo momento y el amor con el que ejercen su profesi\u00f3n.<\/p>\n<ul>\n<li><\/li>\n<li><\/li>\n<li><\/li>\n<li><\/li>\n<li><\/li>\n<\/ul>\n<p>Mitzi Robledo<\/p>\n<p>\t\t\t<a href=\"https:\/\/www.facebook.com\/danataleducacion\/reviews\/?ref=page_internal\" role=\"button\"><br \/>\n\t\t\t\t\t\tLeer m\u00e1s testimonios&#8230;<br \/>\n\t\t\t\t\t<\/a><\/p>\n<h2>VIVIR JUNTOS UNA EXPERIENCIA \u00daNICA<br \/><\/h2>\n<h4>saludable, segura y plena<\/h4>\n<article>\n\t\t            <a href=\"https:\/\/www.danatal.com\/site\/2020\/10\/12\/alternativas-naturales-para-inducir-el-trabajo-de-parto\/\"\n               style=\"background-image: url('https:\/\/www.danatal.com\/site\/wp-content\/uploads\/2019\/10\/Captura-de-pantalla-2019-10-31-a-las-16.08.40.png');--ube-post-grid-ratio:75%;\"><br \/>\n            <\/a><\/p>\n<header>\n<h2>\n                        <a href=\"https:\/\/www.danatal.com\/site\/2020\/10\/12\/alternativas-naturales-para-inducir-el-trabajo-de-parto\/\"\n                           title=\"Alternativas naturales para inducir el trabajo de parto\"><br \/>\n\t\t\t\t\t\t\tAlternativas naturales para inducir el trabajo de parto                        <\/a><br \/>\n                    <\/h2>\n<\/header>\n<\/article>\n<article>\n\t\t            <a href=\"https:\/\/www.danatal.com\/site\/2020\/08\/11\/conociendo-la-maternidad\/\"\n               style=\"background-image: url('https:\/\/www.danatal.com\/site\/wp-content\/uploads\/2020\/08\/e44cf525-26ec-4b3a-9238-1b23c9481c99.jpg');--ube-post-grid-ratio:75%;\"><br \/>\n            <\/a><\/p>\n<header>\n<h2>\n                        <a href=\"https:\/\/www.danatal.com\/site\/2020\/08\/11\/conociendo-la-maternidad\/\"\n                           title=\"Conociendo la maternidad\"><br \/>\n\t\t\t\t\t\t\tConociendo la maternidad                        <\/a><br \/>\n                    <\/h2>\n<\/header>\n<\/article>\n<article>\n\t\t            <a href=\"https:\/\/www.danatal.com\/site\/2020\/05\/15\/yoga-prenatal-en-linea\/\"\n               style=\"background-image: url('https:\/\/www.danatal.com\/site\/wp-content\/uploads\/2021\/11\/DANATAL_Maternidadconsiente-2.jpg');--ube-post-grid-ratio:75%;\"><br \/>\n            <\/a><\/p>\n<header>\n<h2>\n                        <a href=\"https:\/\/www.danatal.com\/site\/2020\/05\/15\/yoga-prenatal-en-linea\/\"\n                           title=\"Yoga Prenatal en l\u00ednea\"><br \/>\n\t\t\t\t\t\t\tYoga Prenatal en l\u00ednea                        <\/a><br \/>\n                    <\/h2>\n<\/header>\n<\/article>\n<p>\t\t\t<a href=\"https:\/\/www.danatal.com\/site\/blog\/\" role=\"button\"><br \/>\n\t\t\t\t\t\tLeer m\u00e1s publicaciones de nuestro blog&#8230;<br \/>\n\t\t\t\t\t<\/a><br \/>\n\t\t\t\t\t\t\t\t\t\t\t\t\t\t\t<img width=\"300\" height=\"300\" src=\"https:\/\/www.danatal.com\/site\/wp-content\/uploads\/2025\/07\/Danatal_LogotipoCompleto_EducacionPerinatal-04-1-1-300x300.png\" alt=\"\" loading=\"lazy\" srcset=\"https:\/\/www.danatal.com\/site\/wp-content\/uploads\/2025\/07\/Danatal_LogotipoCompleto_EducacionPerinatal-04-1-1-300x300.png 300w, https:\/\/www.danatal.com\/site\/wp-content\/uploads\/2025\/07\/Danatal_LogotipoCompleto_EducacionPerinatal-04-1-1-1024x1024.png 1024w, https:\/\/www.danatal.com\/site\/wp-content\/uploads\/2025\/07\/Danatal_LogotipoCompleto_EducacionPerinatal-04-1-1-150x150.png 150w, https:\/\/www.danatal.com\/site\/wp-content\/uploads\/2025\/07\/Danatal_LogotipoCompleto_EducacionPerinatal-04-1-1-768x768.png 768w, https:\/\/www.danatal.com\/site\/wp-content\/uploads\/2025\/07\/Danatal_LogotipoCompleto_EducacionPerinatal-04-1-1-1536x1536.png 1536w, https:\/\/www.danatal.com\/site\/wp-content\/uploads\/2025\/07\/Danatal_LogotipoCompleto_EducacionPerinatal-04-1-1-600x600.png 600w, https:\/\/www.danatal.com\/site\/wp-content\/uploads\/2025\/07\/Danatal_LogotipoCompleto_EducacionPerinatal-04-1-1-100x100.png 100w, https:\/\/www.danatal.com\/site\/wp-content\/uploads\/2025\/07\/Danatal_LogotipoCompleto_EducacionPerinatal-04-1-1.png 1773w\" sizes=\"(max-width: 300px) 100vw, 300px\" \/>\t\t\t\t\t\t\t\t\t\t\t\t\t\t\t<\/p>\n<p style=\"text-align: center;\"><a href=\"https:\/\/mkt.danatal.com\/politica-de-privacidad\">Pol\u00edtica de Privacidad<\/a> | <a href=\"https:\/\/mkt.danatal.com\/terminos-y-condiciones\">T\u00e9rminos y Condiciones<\/a> | <a href=\"https:\/\/mkt.danatal.com\/politicas-de-cookies\">Cookies<\/a><\/p>\n<p>\t\t\t\t\t\t\t\t\t\t\t\t\t\t\t<img width=\"263\" height=\"36\" src=\"https:\/\/www.danatal.com\/site\/wp-content\/uploads\/2021\/11\/metodos-de-pago-danatal.png\" alt=\"\" loading=\"lazy\" \/><\/p>\n","protected":false},"excerpt":{"rendered":"<p>El parto seguro y amoroso que siempre deseaste&#8230;\u00a1si existe y t\u00fa lo puedes lograr&#8230;! Te gu\u00edamos de manera c\u00e1lida, profesional y personalizada para que tengas un nacimiento seguro, saludable y pleno, con est\u00e1ndares de Oro en el cuidado de tu beb\u00e9, tu cuerpo, tus emociones y el conjunto de tu experiencia.\u00a0 Somos un equipo experto [&hellip;]<\/p>\n","protected":false},"author":2,"featured_media":2166,"parent":0,"menu_order":0,"comment_status":"closed","ping_status":"closed","template":"","meta":[],"aioseo_notices":[],"_links":{"self":[{"href":"https:\/\/www.danatal.com\/site\/wp-json\/wp\/v2\/pages\/1971"}],"collection":[{"href":"https:\/\/www.danatal.com\/site\/wp-json\/wp\/v2\/pages"}],"about":[{"href":"https:\/\/www.danatal.com\/site\/wp-json\/wp\/v2\/types\/page"}],"author":[{"embeddable":true,"href":"https:\/\/www.danatal.com\/site\/wp-json\/wp\/v2\/users\/2"}],"replies":[{"embeddable":true,"href":"https:\/\/www.danatal.com\/site\/wp-json\/wp\/v2\/comments?post=1971"}],"version-history":[{"count":470,"href":"https:\/\/www.danatal.com\/site\/wp-json\/wp\/v2\/pages\/1971\/revisions"}],"predecessor-version":[{"id":5597,"href":"https:\/\/www.danatal.com\/site\/wp-json\/wp\/v2\/pages\/1971\/revisions\/5597"}],"wp:featuredmedia":[{"embeddable":true,"href":"https:\/\/www.danatal.com\/site\/wp-json\/wp\/v2\/media\/2166"}],"wp:attachment":[{"href":"https:\/\/www.danatal.com\/site\/wp-json\/wp\/v2\/media?parent=1971"}],"curies":[{"name":"wp","href":"https:\/\/api.w.org\/{rel}","templated":true}]}}