{"id":214,"date":"2018-06-15T14:07:37","date_gmt":"2018-06-15T14:07:37","guid":{"rendered":"http:\/\/www.danatal.com\/site\/?page_id=214"},"modified":"2023-10-02T20:25:02","modified_gmt":"2023-10-03T01:25:02","slug":"doula-de-parto","status":"publish","type":"page","link":"https:\/\/www.danatal.com\/site\/doula-de-parto\/","title":{"rendered":"Doula de parto"},"content":{"rendered":"<h1>Doula de Parto<\/h1>\n<p>\t\t\t\t\t\t\t<i><b>\u201cLo \u00fanico que recuerdo en los minutitos de descanso entre contracci\u00f3n y contracci\u00f3n, es de haberme sentido aliviada y ver la cara de tranquilidad de mi esposo justo en el momento en que nuestra doula lleg\u00f3; esa contenci\u00f3n de los dos, el dominio de la situaci\u00f3n,  el cari\u00f1o y cuidado que nos di\u00f3,  hizo que todo comenzara a fluir. <br \/><b>Sin duda fue una excelente decisi\u00f3n hacernos acompa\u00f1ar por una Doula, porque aunque mi esposo recordaba cada ejercicio, cada t\u00e9cnica de relajaci\u00f3n que aprendimos en el curso, ese momento tambi\u00e9n era para \u00e9l un gran suceso y los nervios lo paralizaban, la diferencia entre el tiempo sin ella y el tiempo en que nos acompa\u00f1\u00f3 es del cielo a la tierra. Por ese momento y todos los que han venido despu\u00e9s,  estaremos infinitamente agradecidoscon Danatal y nuestra doula. Las queremos\u2026\u201d<\/b><\/i><br \/>\n\t\t\t\t\t\t\t<img width=\"300\" height=\"281\" src=\"https:\/\/www.danatal.com\/site\/wp-content\/uploads\/2022\/03\/diego.jpg\" alt=\"\" loading=\"lazy\" \/><br \/>\n\t\t\t\t\t\t\t\t\t\t\t\t\t\tJavier, Diego y Lula<\/p>\n<h2>\u00bfQu\u00e9 es una Doula?<\/h2>\n<p>Una doula es una mujer entrenada y experimentada en el evento del nacimiento que brinda apoyo emocional y f\u00edsico continuo, adem\u00e1s de proporcionar informaci\u00f3n de apoyo a la mujer durante la labor de parto, el nacimiento y el postparto inmediato.<\/p>\n<p>La doula no es m\u00e9dico, y no interfiere con el quehacer m\u00e9dico, eso es muy claro. La doula ayuda a que la experiencia del nacimiento sea memorable \u00a1y que se convierta en un momento digno de ser recordado para toda la vida!<\/p>\n<p>En Danatal ofrecemos el servicio de acompa\u00f1amiento al parto profesional, \u00a1ll\u00e1manos y conoce m\u00e1s sobre nuestro servicio de doulas de parto!<\/p>\n<p>Estudios de investigaci\u00f3n comprueban los siguientes beneficios del apoyo de la doula:<\/p>\n<p>https:\/\/www.danatal.com\/site\/wp-content\/uploads\/2019\/05\/doula.mp4<br \/>\n\t\t\t<a href=\"https:\/\/wa.link\/6xekfx\" role=\"button\"><br \/>\n\t\t\t\t\t\tM\u00e1s informaci\u00f3n sobre el servicio de Doula<br \/>\n\t\t\t\t\t<\/a><\/p>\n<h2>Los beneficios del apoyo continuo en el nacimiento han sido reconocidos por la Organizaci\u00f3n Mundial de la Salud OMS<br<\/h2>\n<p>\t\t\t\t\t\t\t\t\t\t\t\t\t\t\t<img width=\"768\" height=\"549\" src=\"https:\/\/www.danatal.com\/site\/wp-content\/uploads\/2018\/06\/parto_en_agua_milena.png\" alt=\"\" loading=\"lazy\" srcset=\"https:\/\/www.danatal.com\/site\/wp-content\/uploads\/2018\/06\/parto_en_agua_milena.png 886w, https:\/\/www.danatal.com\/site\/wp-content\/uploads\/2018\/06\/parto_en_agua_milena-600x429.png 600w, https:\/\/www.danatal.com\/site\/wp-content\/uploads\/2018\/06\/parto_en_agua_milena-300x214.png 300w, https:\/\/www.danatal.com\/site\/wp-content\/uploads\/2018\/06\/parto_en_agua_milena-768x549.png 768w\" sizes=\"(max-width: 768px) 100vw, 768px\" \/>\t\t\t\t\t\t\t\t\t\t\t\t\t\t\t<\/p>\n<h2>beneficios en los resultados del parto<\/h2>\n<ul>\n<li>Los partos son m\u00e1s cortos<\/li>\n<li>Hay menos complicaciones<\/li>\n<li>Se reducen las ces\u00e1reas<\/li>\n<li>Menos necesidad de oxitocina para acelerar el parto<\/li>\n<li>Reducci\u00f3n de la necesidad de aplicar f\u00f3rceps<\/li>\n<li>Las mujeres requieren menos medicaci\u00f3n para el dolor en el parto y administraci\u00f3n de bloqueo<\/li>\n<li>Menos depresi\u00f3n postparto<\/li>\n<\/ul>\n<h2>beneficios para la madre<\/h2>\n<p>Mayor satisfacci\u00f3n con la experiencia de nacimiento<br \/>Evaluaci\u00f3n m\u00e1s positiva de la madre hacia su beb\u00e9<br \/>Menor incidencia de depresi\u00f3n postparto<br \/>Menos percepci\u00f3n del dolor<\/p>\n<p>\t\t\t\t\t\t\t\t\t\t\t\t\t\t\t<img width=\"293\" height=\"288\" src=\"https:\/\/www.danatal.com\/site\/wp-content\/uploads\/2022\/02\/sinmiedo.jpg\" alt=\"\" loading=\"lazy\" \/><br \/>\n\t\t\t\t\t\t\t\t\t\t\t\t\t\t\t<img width=\"768\" height=\"479\" src=\"https:\/\/www.danatal.com\/site\/wp-content\/uploads\/2019\/01\/Captura-de-pantalla-2018-07-04-a-las-21.09.20-1024x639.png\" alt=\"\" loading=\"lazy\" srcset=\"https:\/\/www.danatal.com\/site\/wp-content\/uploads\/2019\/01\/Captura-de-pantalla-2018-07-04-a-las-21.09.20-1024x639.png 1024w, https:\/\/www.danatal.com\/site\/wp-content\/uploads\/2019\/01\/Captura-de-pantalla-2018-07-04-a-las-21.09.20-600x375.png 600w, https:\/\/www.danatal.com\/site\/wp-content\/uploads\/2019\/01\/Captura-de-pantalla-2018-07-04-a-las-21.09.20-300x187.png 300w, https:\/\/www.danatal.com\/site\/wp-content\/uploads\/2019\/01\/Captura-de-pantalla-2018-07-04-a-las-21.09.20-768x480.png 768w, https:\/\/www.danatal.com\/site\/wp-content\/uploads\/2019\/01\/Captura-de-pantalla-2018-07-04-a-las-21.09.20-400x250.png 400w, https:\/\/www.danatal.com\/site\/wp-content\/uploads\/2019\/01\/Captura-de-pantalla-2018-07-04-a-las-21.09.20-1080x674.png 1080w, https:\/\/www.danatal.com\/site\/wp-content\/uploads\/2019\/01\/Captura-de-pantalla-2018-07-04-a-las-21.09.20.png 1153w\" sizes=\"(max-width: 768px) 100vw, 768px\" \/>\t\t\t\t\t\t\t\t\t\t\t\t\t\t\t<\/p>\n<h2>beneficios para el beb\u00e9<\/h2>\n<p>Los beb\u00e9s tienen una estancia m\u00e1s corta en el hospital y menos ingresos a Unidad de Cuidados Intensivos Neonatales<br \/>Los beb\u00e9s amamantan con mayor facilidad<br \/>Las madres son m\u00e1s afectivas con sus beb\u00e9s en el postparto<\/p>\n<h2>Beneficios para el sistema de servicios de Salud<\/h2>\n<ul>\n<li>Los costos del cuidado obst\u00e9trico se reducen dram\u00e1ticamente<\/li>\n<li>Las mujeres expresan satisfacci\u00f3n con el apoyo que ofrecen las doulas<\/li>\n<\/ul>\n<p>\t\t\t\t\t\t\t\t\t\t\t\t\t\t\t<img width=\"293\" height=\"288\" src=\"https:\/\/www.danatal.com\/site\/wp-content\/uploads\/2022\/02\/doula.jpg\" alt=\"\" loading=\"lazy\" \/><br \/>\n\t\t\t\t\t\t\t\t\t\t\t\t\t\t\t<img width=\"470\" height=\"379\" src=\"https:\/\/www.danatal.com\/site\/wp-content\/uploads\/2021\/11\/DANATAL_LOGONacimientosenarmonia-footer.png\" alt=\"\" loading=\"lazy\" srcset=\"https:\/\/www.danatal.com\/site\/wp-content\/uploads\/2021\/11\/DANATAL_LOGONacimientosenarmonia-footer.png 470w, https:\/\/www.danatal.com\/site\/wp-content\/uploads\/2021\/11\/DANATAL_LOGONacimientosenarmonia-footer-300x242.png 300w\" sizes=\"(max-width: 470px) 100vw, 470px\" \/>\t\t\t\t\t\t\t\t\t\t\t\t\t\t\t<\/p>\n<p style=\"text-align: center;\"><a href=\"https:\/\/mkt.danatal.com\/politica-de-privacidad\">Pol\u00edtica de Privacidad<\/a> | <a href=\"https:\/\/mkt.danatal.com\/terminos-y-condiciones\">T\u00e9rminos y Condiciones<\/a> | <a href=\"https:\/\/mkt.danatal.com\/politicas-de-cookies\">Cookies<\/a><\/p>\n<p>\t\t\t\t\t\t\t\t\t\t\t\t\t\t\t<img width=\"263\" height=\"36\" src=\"https:\/\/www.danatal.com\/site\/wp-content\/uploads\/2021\/11\/metodos-de-pago-danatal.png\" alt=\"\" loading=\"lazy\" \/><br \/>\n\t\tHecho con amor por <a href=\"https:\/\/www.webstyle.mx\/\" target=\"_blank\" rel=\"noopener\" style=\"color:#806da9;\">Webstyle<\/a><\/p>\n","protected":false},"excerpt":{"rendered":"<p>Doula de Parto \u201cLo \u00fanico que recuerdo en los minutitos de descanso entre contracci\u00f3n y contracci\u00f3n, es de haberme sentido aliviada y ver la cara de tranquilidad de mi esposo justo en el momento en que nuestra doula lleg\u00f3; esa contenci\u00f3n de los dos, el dominio de la situaci\u00f3n, el cari\u00f1o y cuidado que nos [&hellip;]<\/p>\n","protected":false},"author":1,"featured_media":0,"parent":0,"menu_order":0,"comment_status":"closed","ping_status":"closed","template":"elementor_header_footer","meta":[],"aioseo_notices":[],"_links":{"self":[{"href":"https:\/\/www.danatal.com\/site\/wp-json\/wp\/v2\/pages\/214"}],"collection":[{"href":"https:\/\/www.danatal.com\/site\/wp-json\/wp\/v2\/pages"}],"about":[{"href":"https:\/\/www.danatal.com\/site\/wp-json\/wp\/v2\/types\/page"}],"author":[{"embeddable":true,"href":"https:\/\/www.danatal.com\/site\/wp-json\/wp\/v2\/users\/1"}],"replies":[{"embeddable":true,"href":"https:\/\/www.danatal.com\/site\/wp-json\/wp\/v2\/comments?post=214"}],"version-history":[{"count":73,"href":"https:\/\/www.danatal.com\/site\/wp-json\/wp\/v2\/pages\/214\/revisions"}],"predecessor-version":[{"id":4080,"href":"https:\/\/www.danatal.com\/site\/wp-json\/wp\/v2\/pages\/214\/revisions\/4080"}],"wp:attachment":[{"href":"https:\/\/www.danatal.com\/site\/wp-json\/wp\/v2\/media?parent=214"}],"curies":[{"name":"wp","href":"https:\/\/api.w.org\/{rel}","templated":true}]}}