{"id":2545,"date":"2022-02-19T15:54:59","date_gmt":"2022-02-19T21:54:59","guid":{"rendered":"https:\/\/www.danatal.com\/site\/?page_id=2545"},"modified":"2025-11-10T11:37:11","modified_gmt":"2025-11-10T17:37:11","slug":"curos-prenatal-presencial","status":"publish","type":"page","link":"https:\/\/www.danatal.com\/site\/curos-prenatal-presencial\/","title":{"rendered":"Curso Prenatal"},"content":{"rendered":"<p><img width=\"768\" height=\"432\" src=\"https:\/\/www.danatal.com\/site\/wp-content\/uploads\/2025\/11\/1-5-1536x864.jpg\" alt=\"PORTADA\" loading=\"lazy\" srcset=\"https:\/\/www.danatal.com\/site\/wp-content\/uploads\/2025\/11\/1-5-1536x864.jpg 1536w, https:\/\/www.danatal.com\/site\/wp-content\/uploads\/2025\/11\/1-5-300x169.jpg 300w, https:\/\/www.danatal.com\/site\/wp-content\/uploads\/2025\/11\/1-5-1024x576.jpg 1024w, https:\/\/www.danatal.com\/site\/wp-content\/uploads\/2025\/11\/1-5-768x432.jpg 768w, https:\/\/www.danatal.com\/site\/wp-content\/uploads\/2025\/11\/1-5-600x338.jpg 600w, https:\/\/www.danatal.com\/site\/wp-content\/uploads\/2025\/11\/1-5.jpg 1920w\" sizes=\"(max-width: 768px) 100vw, 768px\" \/>\t\t\t\t\t\t\t\t\t\t\t\t\t\t\t<\/p>\n<h2>\n<p>Tener el parto seguro y amoroso que siempre so\u00f1aste <br \/>\u00a1SI ES POSIBLE!<br \/><\/h2>\n<p style=\"font-family: NexaLight, sans-serif; font-size: 19px;\">El Curso Prenatal para parejas abarca de manera profunda e integral\u00a0todo lo que las futuras mam\u00e1s y pap\u00e1s deben de saber para dar la bienvenida a su beb\u00e9.<\/p>\n<p style=\"font-family: NexaLight, sans-serif; font-size: 19px;\">Aprenderemos de manera din\u00e1mica\u00a0 y profunda sobre la\u00a0fisiolog\u00eda del parto, manejo del dolor, la ces\u00e1rea, la lactancia, los cuidados del beb\u00e9 en casa, y\u00a0la pareja contar\u00e1 con las herramientas necesarias para apoyar a la madre\u00a0en el proceso.<\/p>\n<p style=\"font-family: NexaLight, sans-serif; font-size: 19px;\">Toda la informaci\u00f3n est\u00e1 basada en la\u00a0evidencia cient\u00edfica, y juntos, mam\u00e1 y pap\u00e1, har\u00e1n un equipo perfecto para construir una experiencia saludable, segura y plena<\/p>\n<p style=\"font-family: NexaLight, sans-serif; font-size: 19px;\">Los cursos son\u00a0 impartidos por\u00a0profesionales con m\u00e1s de 16 a\u00f1os de experiencia, incluyendo un\u00a0equipo m\u00e9dico\u00a0altamente capacitado en temas de educaci\u00f3n para la maternidad y paternidad<\/p>\n<p>\t\t\t<a href=\"https:\/\/www.danatal.com\/site\/wp-content\/uploads\/2020\/09\/TEMARIO-CURSO-DANATAL-ONLNE.pdf\" role=\"button\"><br \/>\n\t\t\t\t\t\tDescarga el temario<br \/>\n\t\t\t\t\t<\/a><br \/>\n\t\t\t<a href=\"https:\/\/www.danatal.com\/site\/producto\/curso-prenatal-presencial\/\" role=\"button\"><br \/>\n\t\t\t\t\t\t\u00a1LO QUIERO YA!<br \/>\n\t\t\t\t\t<\/a><br \/>\n\t\t\t<a href=\"https:\/\/www.facebook.com\/danataleducacion\/reviews\/?ref=page_internal\" role=\"button\"><br \/>\n\t\t\t\t\t\tRevisar comentarios<br \/>\n\t\t\t\t\t<\/a><br \/>\n\t\t\t\t\t\t\t\t\t\t\t\t\t\t\t<img width=\"768\" height=\"432\" src=\"https:\/\/www.danatal.com\/site\/wp-content\/uploads\/2025\/11\/1-3-1024x576.jpg\" alt=\"\" loading=\"lazy\" srcset=\"https:\/\/www.danatal.com\/site\/wp-content\/uploads\/2025\/11\/1-3-1024x576.jpg 1024w, https:\/\/www.danatal.com\/site\/wp-content\/uploads\/2025\/11\/1-3-300x169.jpg 300w, https:\/\/www.danatal.com\/site\/wp-content\/uploads\/2025\/11\/1-3-768x432.jpg 768w, https:\/\/www.danatal.com\/site\/wp-content\/uploads\/2025\/11\/1-3-1536x864.jpg 1536w, https:\/\/www.danatal.com\/site\/wp-content\/uploads\/2025\/11\/1-3-600x338.jpg 600w, https:\/\/www.danatal.com\/site\/wp-content\/uploads\/2025\/11\/1-3.jpg 1920w\" sizes=\"(max-width: 768px) 100vw, 768px\" \/>\t\t\t\t\t\t\t\t\t\t\t\t\t\t\t<\/p>\n<h2>Nuestro m\u00e9todo de ense\u00f1anza est\u00e1 fundamentado en 3 pilares importantes:<\/h2>\n<p>\t\t\t\t\t\t\t\t\t\t\t\t\t\t\t<img width=\"768\" height=\"512\" src=\"https:\/\/www.danatal.com\/site\/wp-content\/uploads\/2025\/07\/ChatGPT-Image-30-jul-2025-08_24_32-a.m.-1024x683.jpg\" alt=\"\" loading=\"lazy\" srcset=\"https:\/\/www.danatal.com\/site\/wp-content\/uploads\/2025\/07\/ChatGPT-Image-30-jul-2025-08_24_32-a.m.-1024x683.jpg 1024w, https:\/\/www.danatal.com\/site\/wp-content\/uploads\/2025\/07\/ChatGPT-Image-30-jul-2025-08_24_32-a.m.-300x200.jpg 300w, https:\/\/www.danatal.com\/site\/wp-content\/uploads\/2025\/07\/ChatGPT-Image-30-jul-2025-08_24_32-a.m.-768x512.jpg 768w, https:\/\/www.danatal.com\/site\/wp-content\/uploads\/2025\/07\/ChatGPT-Image-30-jul-2025-08_24_32-a.m.-600x400.jpg 600w, https:\/\/www.danatal.com\/site\/wp-content\/uploads\/2025\/07\/ChatGPT-Image-30-jul-2025-08_24_32-a.m..jpg 1536w\" sizes=\"(max-width: 768px) 100vw, 768px\" \/>\t\t\t\t\t\t\t\t\t\t\t\t\t\t\t<\/p>\n<h3>1<b>. Evidencia cient\u00edfica<\/b><\/h3>\n<p>Sabemos que <strong>la salud de tu beb\u00e9 es lo m\u00e1s importante para ti<\/strong>, por lo que nos hemos volcado en la tarea de llevarte toda la informaci\u00f3n que necesitas saber para tener una experiencia saludable y segura.<\/p>\n<p>Te brindaremos <strong>informaci\u00f3n con evidencia y las recomendaciones de salud m\u00e1s actualizadas<\/strong> para que junto con tu equipo m\u00e9dico puedas tomar decisiones saludables y oportunas, y que <strong>puedas contarle a tus hijas e hijos esa experiencia de nacimiento (parto o ces\u00e1rea) que siempre so\u00f1aste para ell@s.<\/strong>\u00a0<\/p>\n<h3><b>2. La pareja o acompa\u00f1ante <\/b><\/h3>\n<p>Nuestro curso est\u00e1 especialmente dise\u00f1ado para los pap\u00e1s \u00f3 acompa\u00f1antes brind\u00e1ndoles herramientas claras y pr\u00e1cticas. Sabemos que el acompa\u00f1ante es fundamental durante el parto, por eso les damos un espacio protag\u00f3nico: se informan, se actualizan y se involucran de forma activa, fortaleciendo el v\u00ednculo y haciendo del nacimiento un verdadero trabajo en equipo.<\/p>\n<p>\t\t\t\t\t\t\t\t\t\t\t\t\t\t\t<img width=\"512\" height=\"333\" src=\"https:\/\/www.danatal.com\/site\/wp-content\/uploads\/2022\/02\/couple.jpg\" alt=\"\" loading=\"lazy\" srcset=\"https:\/\/www.danatal.com\/site\/wp-content\/uploads\/2022\/02\/couple.jpg 512w, https:\/\/www.danatal.com\/site\/wp-content\/uploads\/2022\/02\/couple-300x195.jpg 300w\" sizes=\"(max-width: 512px) 100vw, 512px\" \/><br \/>\n\t\t\t\t\t\t\t\t\t\t\t\t\t\t\t<img width=\"768\" height=\"512\" src=\"https:\/\/www.danatal.com\/site\/wp-content\/uploads\/2025\/07\/tribu-papas-1024x683.jpg\" alt=\"\" loading=\"lazy\" srcset=\"https:\/\/www.danatal.com\/site\/wp-content\/uploads\/2025\/07\/tribu-papas-1024x683.jpg 1024w, https:\/\/www.danatal.com\/site\/wp-content\/uploads\/2025\/07\/tribu-papas-300x200.jpg 300w, https:\/\/www.danatal.com\/site\/wp-content\/uploads\/2025\/07\/tribu-papas-768x512.jpg 768w, https:\/\/www.danatal.com\/site\/wp-content\/uploads\/2025\/07\/tribu-papas-600x400.jpg 600w, https:\/\/www.danatal.com\/site\/wp-content\/uploads\/2025\/07\/tribu-papas.jpg 1536w\" sizes=\"(max-width: 768px) 100vw, 768px\" \/>\t\t\t\t\t\t\t\t\t\t\t\t\t\t\t<\/p>\n<h3><b>3. Comunidad<\/b><\/h3>\n<p>Nuestros cursos se han caracterizado por unir a parejas que atraviesan experiencias similares, formando tribus que brindan apoyo, comprensi\u00f3n y acompa\u00f1amiento en esta etapa. Compartir el camino con otras familias fortalece la confianza y les ayuda a tomar decisiones informadas para criar con seguridad y amor.<\/p>\n<p data-start=\"346\" data-end=\"390\" data-is-last-node=\"\" data-is-only-node=\"\">\u00a1Criar en comunidad hace toda la diferencia!<\/p>\n<p>\t\t\t\t\t\t\t\t\t\t\t\t\t\t\t<img width=\"300\" height=\"300\" src=\"https:\/\/www.danatal.com\/site\/wp-content\/uploads\/2025\/07\/Danatal_LogotipoCompleto_EducacionPerinatal-04-1-1-300x300.png\" alt=\"\" loading=\"lazy\" srcset=\"https:\/\/www.danatal.com\/site\/wp-content\/uploads\/2025\/07\/Danatal_LogotipoCompleto_EducacionPerinatal-04-1-1-300x300.png 300w, https:\/\/www.danatal.com\/site\/wp-content\/uploads\/2025\/07\/Danatal_LogotipoCompleto_EducacionPerinatal-04-1-1-1024x1024.png 1024w, https:\/\/www.danatal.com\/site\/wp-content\/uploads\/2025\/07\/Danatal_LogotipoCompleto_EducacionPerinatal-04-1-1-150x150.png 150w, https:\/\/www.danatal.com\/site\/wp-content\/uploads\/2025\/07\/Danatal_LogotipoCompleto_EducacionPerinatal-04-1-1-768x768.png 768w, https:\/\/www.danatal.com\/site\/wp-content\/uploads\/2025\/07\/Danatal_LogotipoCompleto_EducacionPerinatal-04-1-1-1536x1536.png 1536w, https:\/\/www.danatal.com\/site\/wp-content\/uploads\/2025\/07\/Danatal_LogotipoCompleto_EducacionPerinatal-04-1-1-600x600.png 600w, https:\/\/www.danatal.com\/site\/wp-content\/uploads\/2025\/07\/Danatal_LogotipoCompleto_EducacionPerinatal-04-1-1-100x100.png 100w, https:\/\/www.danatal.com\/site\/wp-content\/uploads\/2025\/07\/Danatal_LogotipoCompleto_EducacionPerinatal-04-1-1.png 1773w\" sizes=\"(max-width: 300px) 100vw, 300px\" \/>\t\t\t\t\t\t\t\t\t\t\t\t\t\t\t<\/p>\n<p style=\"text-align: center;\"><a href=\"https:\/\/mkt.danatal.com\/politica-de-privacidad\">Pol\u00edtica de Privacidad<\/a> | <a href=\"https:\/\/mkt.danatal.com\/terminos-y-condiciones\">T\u00e9rminos y Condiciones<\/a> | <a href=\"https:\/\/mkt.danatal.com\/politicas-de-cookies\">Cookies<\/a><\/p>\n<p>\t\t\t\t\t\t\t\t\t\t\t\t\t\t\t<img width=\"263\" height=\"36\" src=\"https:\/\/www.danatal.com\/site\/wp-content\/uploads\/2021\/11\/metodos-de-pago-danatal.png\" alt=\"\" loading=\"lazy\" \/><\/p>\n","protected":false},"excerpt":{"rendered":"<p>Tener el parto seguro y amoroso que siempre so\u00f1aste \u00a1SI ES POSIBLE! El Curso Prenatal para parejas abarca de manera profunda e integral\u00a0todo lo que las futuras mam\u00e1s y pap\u00e1s deben de saber para dar la bienvenida a su beb\u00e9. Aprenderemos de manera din\u00e1mica\u00a0 y profunda sobre la\u00a0fisiolog\u00eda del parto, manejo del dolor, la ces\u00e1rea, [&hellip;]<\/p>\n","protected":false},"author":2,"featured_media":0,"parent":0,"menu_order":0,"comment_status":"closed","ping_status":"closed","template":"elementor_header_footer","meta":[],"aioseo_notices":[],"_links":{"self":[{"href":"https:\/\/www.danatal.com\/site\/wp-json\/wp\/v2\/pages\/2545"}],"collection":[{"href":"https:\/\/www.danatal.com\/site\/wp-json\/wp\/v2\/pages"}],"about":[{"href":"https:\/\/www.danatal.com\/site\/wp-json\/wp\/v2\/types\/page"}],"author":[{"embeddable":true,"href":"https:\/\/www.danatal.com\/site\/wp-json\/wp\/v2\/users\/2"}],"replies":[{"embeddable":true,"href":"https:\/\/www.danatal.com\/site\/wp-json\/wp\/v2\/comments?post=2545"}],"version-history":[{"count":160,"href":"https:\/\/www.danatal.com\/site\/wp-json\/wp\/v2\/pages\/2545\/revisions"}],"predecessor-version":[{"id":4773,"href":"https:\/\/www.danatal.com\/site\/wp-json\/wp\/v2\/pages\/2545\/revisions\/4773"}],"wp:attachment":[{"href":"https:\/\/www.danatal.com\/site\/wp-json\/wp\/v2\/media?parent=2545"}],"curies":[{"name":"wp","href":"https:\/\/api.w.org\/{rel}","templated":true}]}}