{"id":267,"date":"2018-06-15T11:01:47","date_gmt":"2018-06-15T16:01:47","guid":{"rendered":"http:\/\/www.danatal.com\/site\/?page_id=267"},"modified":"2025-07-28T22:16:09","modified_gmt":"2025-07-29T03:16:09","slug":"talleres-con-bebe","status":"publish","type":"page","link":"https:\/\/www.danatal.com\/site\/talleres-con-bebe\/","title":{"rendered":"Talleres"},"content":{"rendered":"<h1>Talleres<\/h1>\n<h2>Charla sobre la Seguridad en casa y Emergencias Pedi\u00e1tricas<br \/><\/h2>\n<p>\t\t\t\t\t\t\t\t\t\t\t\t\t\t\t<img width=\"600\" height=\"600\" src=\"https:\/\/www.danatal.com\/site\/wp-content\/uploads\/2018\/06\/W19541.jpg\" alt=\"\" loading=\"lazy\" srcset=\"https:\/\/www.danatal.com\/site\/wp-content\/uploads\/2018\/06\/W19541.jpg 600w, https:\/\/www.danatal.com\/site\/wp-content\/uploads\/2018\/06\/W19541-300x300.jpg 300w, https:\/\/www.danatal.com\/site\/wp-content\/uploads\/2018\/06\/W19541-100x100.jpg 100w, https:\/\/www.danatal.com\/site\/wp-content\/uploads\/2018\/06\/W19541-150x150.jpg 150w\" sizes=\"(max-width: 600px) 100vw, 600px\" \/>\t\t\t\t\t\t\t\t\t\t\t\t\t\t\t<\/p>\n<p>Queremos invitarte a la charla sobre la \u200b<strong>SEGURIDAD EN CASA Y EMERGENCIAS PEDI\u00c1TRICAS\u200b \u00a0EN LINEA<\/strong>, impartida por el <strong>Dr. Eduardo Velasco, \u00a0pediatra, entrenador de Primeros Auxilios avalado por American Heart Association\u200b\u00a0<\/strong><br \/>La finalidad de este curso es que mam\u00e1s y pap\u00e1s est\u00e9n informados \u00a0y preparados para situaciones DE EMERGENCIAS M\u00c9DICAS Y AMBIENTALES<\/p>\n<p>Duraci\u00f3n: 2 hrs<\/p>\n<p>Modalidad: clase pre grabada<\/p>\n<p>Costo $35 USD<\/p>\n<p>\u00bfQu\u00e9 se ense\u00f1a en esta charla?<\/p>\n<p>\u2705Conceptos b\u00e1sicos de primeros auxilios: emergencias m\u00e9dicas, prevenci\u00f3n de enfermedades y lesiones, vendajes y control de hemorragias.<\/p>\n<p>\u2705 Qu\u00e9 hacer en caso de golpes, hemorragias internas, quemaduras y lesiones el\u00e9ctricas, reacciones al\u00e9rgicas, picaduras de insectos, problemas respiratorios y deshidrataci\u00f3n, emergencias relacionadas con el fr\u00edo y el calor, ahogamiento, amputaciones, fracturas y esguinces.\u00a1Tu puedes salvar una vida!<\/p>\n<p>\u00a0<br \/>\n\t\t\t<a href=\"https:\/\/wa.link\/yhlbwj\" role=\"button\"><br \/>\n\t\t\t\t\t\tMas informaci\u00f3n<br \/>\n\t\t\t\t\t<\/a><\/p>\n<h2>Taller de Banco de Leche en casa en l\u00ednea<\/h2>\n<p>\t\t\t\t\t\t\t\t\t\t\t\t\t\t\t<img width=\"275\" height=\"183\" src=\"https:\/\/www.danatal.com\/site\/wp-content\/uploads\/2022\/04\/BANCO.jpeg\" alt=\"\" loading=\"lazy\" \/>\t\t\t\t\t\t\t\t\t\t\t\t\t\t\t<\/p>\n<p>En este taller impartido por Anel Ibarra, IBCLC y Maestra en Nutrici\u00f3n materno infantil, nos ense\u00f1ar\u00e1 todo sobre una adecuada extracci\u00f3n y almacenamiento de leche materna. Se trata de un taller para mam\u00e1s, futuras mam\u00e1s y pap\u00e1s que planean reincorporarse a la vida laboral o que simplemente desean aprender c\u00f3mo hacer un banco de leche para tener una reserva.<\/p>\n<p>\t\t\t<a href=\"https:\/\/wa.link\/54johs\" role=\"button\"><br \/>\n\t\t\t\t\t\tM\u00e1s informaci\u00f3n<br \/>\n\t\t\t\t\t<\/a><br \/>\n\t\t\t\t\t\t\t\t\t\t\t\t\t\t\t<img width=\"470\" height=\"379\" src=\"https:\/\/www.danatal.com\/site\/wp-content\/uploads\/2021\/11\/DANATAL_LOGONacimientosenarmonia-footer.png\" alt=\"\" loading=\"lazy\" srcset=\"https:\/\/www.danatal.com\/site\/wp-content\/uploads\/2021\/11\/DANATAL_LOGONacimientosenarmonia-footer.png 470w, https:\/\/www.danatal.com\/site\/wp-content\/uploads\/2021\/11\/DANATAL_LOGONacimientosenarmonia-footer-300x242.png 300w\" sizes=\"(max-width: 470px) 100vw, 470px\" \/>\t\t\t\t\t\t\t\t\t\t\t\t\t\t\t<\/p>\n<p style=\"text-align: center;\"><a href=\"https:\/\/mkt.danatal.com\/politica-de-privacidad\">Pol\u00edtica de Privacidad<\/a> | <a href=\"https:\/\/mkt.danatal.com\/terminos-y-condiciones\">T\u00e9rminos y Condiciones<\/a> | <a href=\"https:\/\/mkt.danatal.com\/politicas-de-cookies\">Cookies<\/a><\/p>\n<p>\t\t\t\t\t\t\t\t\t\t\t\t\t\t\t<img width=\"263\" height=\"36\" src=\"https:\/\/www.danatal.com\/site\/wp-content\/uploads\/2021\/11\/metodos-de-pago-danatal.png\" alt=\"\" loading=\"lazy\" \/><br \/>\n\t\tHecho con amor por <a href=\"https:\/\/www.webstyle.mx\/\" target=\"_blank\" rel=\"noopener\" style=\"color:#806da9;\">Webstyle<\/a><\/p>\n","protected":false},"excerpt":{"rendered":"<p>Talleres Charla sobre la Seguridad en casa y Emergencias Pedi\u00e1tricas Queremos invitarte a la charla sobre la \u200bSEGURIDAD EN CASA Y EMERGENCIAS PEDI\u00c1TRICAS\u200b \u00a0EN LINEA, impartida por el Dr. Eduardo Velasco, \u00a0pediatra, entrenador de Primeros Auxilios avalado por American Heart Association\u200b\u00a0La finalidad de este curso es que mam\u00e1s y pap\u00e1s est\u00e9n informados \u00a0y preparados para [&hellip;]<\/p>\n","protected":false},"author":1,"featured_media":0,"parent":0,"menu_order":0,"comment_status":"closed","ping_status":"closed","template":"elementor_header_footer","meta":[],"aioseo_notices":[],"_links":{"self":[{"href":"https:\/\/www.danatal.com\/site\/wp-json\/wp\/v2\/pages\/267"}],"collection":[{"href":"https:\/\/www.danatal.com\/site\/wp-json\/wp\/v2\/pages"}],"about":[{"href":"https:\/\/www.danatal.com\/site\/wp-json\/wp\/v2\/types\/page"}],"author":[{"embeddable":true,"href":"https:\/\/www.danatal.com\/site\/wp-json\/wp\/v2\/users\/1"}],"replies":[{"embeddable":true,"href":"https:\/\/www.danatal.com\/site\/wp-json\/wp\/v2\/comments?post=267"}],"version-history":[{"count":75,"href":"https:\/\/www.danatal.com\/site\/wp-json\/wp\/v2\/pages\/267\/revisions"}],"predecessor-version":[{"id":4478,"href":"https:\/\/www.danatal.com\/site\/wp-json\/wp\/v2\/pages\/267\/revisions\/4478"}],"wp:attachment":[{"href":"https:\/\/www.danatal.com\/site\/wp-json\/wp\/v2\/media?parent=267"}],"curies":[{"name":"wp","href":"https:\/\/api.w.org\/{rel}","templated":true}]}}