{"id":3197,"date":"2022-04-26T23:26:07","date_gmt":"2022-04-27T04:26:07","guid":{"rendered":"https:\/\/www.danatal.com\/site\/?page_id=3197"},"modified":"2024-03-14T14:35:59","modified_gmt":"2024-03-14T20:35:59","slug":"formacion-para-doulas","status":"publish","type":"page","link":"https:\/\/www.danatal.com\/site\/formacion-para-doulas\/","title":{"rendered":"Formaci\u00f3n para Doulas"},"content":{"rendered":"<h1>Formaci\u00f3n Presencial (h\u00edbrido) para Doulas <\/h1>\n<h2>Taller Intensivo de Formaci\u00f3n de Doulas<br \/>DANATAL DOULA TRAINING<\/h2>\n<h2>Doula Training presencial <br \/>26,27 y 28 de abril 2024<\/h2>\n<p>\t\t\t<a href=\"https:\/\/www.danatal.com\/site\/wp-content\/uploads\/2024\/02\/DANATAL-Doula-training-3.pdf\" role=\"button\"><br \/>\n\t\t\t\t\t\tVer el Dossier<br \/>\n\t\t\t\t\t<\/a><br \/>\n\t\t<iframe loading=\"lazy\" title=\"\u00bfQu\u00e9 hace una doula? Danatal educaci\u00f3n perinatal nos comparte este video sobre la labor de la doula\" width=\"768\" height=\"576\" src=\"https:\/\/www.youtube.com\/embed\/rDJgrZvBBAY?feature=oembed\" frameborder=\"0\" allow=\"accelerometer; autoplay; clipboard-write; encrypted-media; gyroscope; picture-in-picture; web-share\" allowfullscreen><\/iframe><br \/>\n\t\t\t\t\t\t\t\t\t\t\t\t\t\t\t<img width=\"164\" height=\"180\" src=\"https:\/\/www.danatal.com\/site\/wp-content\/uploads\/2022\/01\/DANATAL_Nacimientosenarmonia-inicio.png\" alt=\"\" loading=\"lazy\" \/>\t\t\t\t\t\t\t\t\t\t\t\t\t\t\t<\/p>\n<h3>Costo: $7560 mxn antes del 15 de Febrero<\/p>\n<p>Incluye El manual de la Doula y Certificado Doulas Danatal<\/p>\n<p>Habr\u00e1 bebidas y Snacks<\/p>\n<p>Diana Villa Schefer, m\u00e9dico y Doula DONA Intl. 15 a\u00f1os de experiencia<\/p>\n<p>Fabiola Villa Schefer, Doula DONA Intl. 15 a\u00f1os de experiencia<br \/><\/h3>\n<p>\t\t\t<a href=\"https:\/\/wa.link\/nvcqe9\" role=\"button\"><br \/>\n\t\t\t\t\t\t\u00a1LO QUIERO YA!<br \/>\n\t\t\t\t\t<\/a><br \/>\n\t\t\t\t\t\t\t\t\t\t\t\t\t\t\t<img width=\"470\" height=\"379\" src=\"https:\/\/www.danatal.com\/site\/wp-content\/uploads\/2021\/11\/DANATAL_LOGONacimientosenarmonia-footer.png\" alt=\"\" loading=\"lazy\" srcset=\"https:\/\/www.danatal.com\/site\/wp-content\/uploads\/2021\/11\/DANATAL_LOGONacimientosenarmonia-footer.png 470w, https:\/\/www.danatal.com\/site\/wp-content\/uploads\/2021\/11\/DANATAL_LOGONacimientosenarmonia-footer-300x242.png 300w\" sizes=\"(max-width: 470px) 100vw, 470px\" \/>\t\t\t\t\t\t\t\t\t\t\t\t\t\t\t<\/p>\n<p style=\"text-align: center;\">Residencial Victoria, Guadalajara, Jalisco, Mexico.<br \/>whatsapp. <a style=\"color: white;\" href=\"tel:3331224312\">33 31<\/a>294930 Mail: <a style=\"color: white;\" href=\"mailto:info@danatal.com\">info@danatal.com<\/a><\/p>\n<p>\t\t\t\t\t\t\t\t\t\t\t\t\t\t\t<img width=\"263\" height=\"36\" src=\"https:\/\/www.danatal.com\/site\/wp-content\/uploads\/2021\/11\/metodos-de-pago-danatal.png\" alt=\"\" loading=\"lazy\" \/><br \/>\n\t\tHecho con amor por <a href=\"https:\/\/www.webstyle.mx\/\" target=\"_blank\" rel=\"noopener\" style=\"color:#806da9;\">Webstyle<\/a><\/p>\n","protected":false},"excerpt":{"rendered":"<p>Formaci\u00f3n Presencial (h\u00edbrido) para Doulas Taller Intensivo de Formaci\u00f3n de DoulasDANATAL DOULA TRAINING Doula Training presencial 26,27 y 28 de abril 2024 Ver el Dossier Costo: $7560 mxn antes del 15 de Febrero Incluye El manual de la Doula y Certificado Doulas Danatal Habr\u00e1 bebidas y Snacks Diana Villa Schefer, m\u00e9dico y Doula DONA Intl. [&hellip;]<\/p>\n","protected":false},"author":2,"featured_media":0,"parent":0,"menu_order":0,"comment_status":"closed","ping_status":"closed","template":"elementor_header_footer","meta":[],"aioseo_notices":[],"_links":{"self":[{"href":"https:\/\/www.danatal.com\/site\/wp-json\/wp\/v2\/pages\/3197"}],"collection":[{"href":"https:\/\/www.danatal.com\/site\/wp-json\/wp\/v2\/pages"}],"about":[{"href":"https:\/\/www.danatal.com\/site\/wp-json\/wp\/v2\/types\/page"}],"author":[{"embeddable":true,"href":"https:\/\/www.danatal.com\/site\/wp-json\/wp\/v2\/users\/2"}],"replies":[{"embeddable":true,"href":"https:\/\/www.danatal.com\/site\/wp-json\/wp\/v2\/comments?post=3197"}],"version-history":[{"count":46,"href":"https:\/\/www.danatal.com\/site\/wp-json\/wp\/v2\/pages\/3197\/revisions"}],"predecessor-version":[{"id":4206,"href":"https:\/\/www.danatal.com\/site\/wp-json\/wp\/v2\/pages\/3197\/revisions\/4206"}],"wp:attachment":[{"href":"https:\/\/www.danatal.com\/site\/wp-json\/wp\/v2\/media?parent=3197"}],"curies":[{"name":"wp","href":"https:\/\/api.w.org\/{rel}","templated":true}]}}