{"id":69,"date":"2018-05-01T22:44:40","date_gmt":"2018-05-01T22:44:40","guid":{"rendered":"http:\/\/www.danatal.com\/site\/?page_id=69"},"modified":"2025-07-29T23:56:48","modified_gmt":"2025-07-30T04:56:48","slug":"contacto","status":"publish","type":"page","link":"https:\/\/www.danatal.com\/site\/contacto\/","title":{"rendered":"Contacto"},"content":{"rendered":"<h1>Contacto<\/h1>\n<p role=\"status\" aria-live=\"polite\" aria-atomic=\"true\">\n<ul><\/ul>\n<form action=\"\/site\/wp-admin\/admin-ajax.php#wpcf7-f2225-o1\" method=\"post\" novalidate=\"novalidate\" data-status=\"init\">\n<input type=\"hidden\" name=\"_wpcf7\" value=\"2225\" \/><br \/>\n<input type=\"hidden\" name=\"_wpcf7_version\" value=\"5.5.4\" \/><br \/>\n<input type=\"hidden\" name=\"_wpcf7_locale\" value=\"es_ES\" \/><br \/>\n<input type=\"hidden\" name=\"_wpcf7_unit_tag\" value=\"wpcf7-f2225-o1\" \/><br \/>\n<input type=\"hidden\" name=\"_wpcf7_container_post\" value=\"0\" \/><br \/>\n<input type=\"hidden\" name=\"_wpcf7_posted_data_hash\" value=\"\" \/><\/p>\n<p><label> Tu nombre<br \/>\n    <input type=\"text\" name=\"your-name\" value=\"\" size=\"40\" aria-required=\"true\" aria-invalid=\"false\" \/> <\/label><\/p>\n<p><label> Tu correo electr\u00f3nico<br \/>\n    <input type=\"email\" name=\"your-email\" value=\"\" size=\"40\" aria-required=\"true\" aria-invalid=\"false\" \/> <\/label><\/p>\n<p><label> Asunto<br \/>\n    <input type=\"text\" name=\"your-subject\" value=\"\" size=\"40\" aria-required=\"true\" aria-invalid=\"false\" \/> <\/label><\/p>\n<p><label> Tu mensaje (opcional)<br \/>\n    <textarea name=\"your-message\" cols=\"40\" rows=\"10\" aria-invalid=\"false\"><\/textarea> <\/label><\/p>\n<p><input type=\"submit\" value=\"Enviar\" \/><\/p>\n<p><input type='hidden' class='wpcf7-pum' value='{\"closepopup\":false,\"closedelay\":0,\"openpopup\":false,\"openpopup_id\":0}' \/><\/form>\n<p>\t\t\t\t\t\t\t\t\t\t\t\t\t\t\t<img width=\"768\" height=\"768\" src=\"https:\/\/www.danatal.com\/site\/wp-content\/uploads\/2025\/07\/Copia-de-Danatal_LogotipoCompleto_EducacionPerinatal_Mesa-de-trabajo-1-1-1024x1024.png\" alt=\"\" loading=\"lazy\" srcset=\"https:\/\/www.danatal.com\/site\/wp-content\/uploads\/2025\/07\/Copia-de-Danatal_LogotipoCompleto_EducacionPerinatal_Mesa-de-trabajo-1-1-1024x1024.png 1024w, https:\/\/www.danatal.com\/site\/wp-content\/uploads\/2025\/07\/Copia-de-Danatal_LogotipoCompleto_EducacionPerinatal_Mesa-de-trabajo-1-1-300x300.png 300w, https:\/\/www.danatal.com\/site\/wp-content\/uploads\/2025\/07\/Copia-de-Danatal_LogotipoCompleto_EducacionPerinatal_Mesa-de-trabajo-1-1-150x150.png 150w, https:\/\/www.danatal.com\/site\/wp-content\/uploads\/2025\/07\/Copia-de-Danatal_LogotipoCompleto_EducacionPerinatal_Mesa-de-trabajo-1-1-768x768.png 768w, https:\/\/www.danatal.com\/site\/wp-content\/uploads\/2025\/07\/Copia-de-Danatal_LogotipoCompleto_EducacionPerinatal_Mesa-de-trabajo-1-1-1536x1536.png 1536w, https:\/\/www.danatal.com\/site\/wp-content\/uploads\/2025\/07\/Copia-de-Danatal_LogotipoCompleto_EducacionPerinatal_Mesa-de-trabajo-1-1-600x600.png 600w, https:\/\/www.danatal.com\/site\/wp-content\/uploads\/2025\/07\/Copia-de-Danatal_LogotipoCompleto_EducacionPerinatal_Mesa-de-trabajo-1-1-100x100.png 100w, https:\/\/www.danatal.com\/site\/wp-content\/uploads\/2025\/07\/Copia-de-Danatal_LogotipoCompleto_EducacionPerinatal_Mesa-de-trabajo-1-1.png 1772w\" sizes=\"(max-width: 768px) 100vw, 768px\" \/>\t\t\t\t\t\t\t\t\t\t\t\t\t\t\t<\/p>\n<h2>\u00a1S\u00edguenos en Redes Sociales!<br \/>\n<\/h2>\n<p>\t\t\t\t\t<a href=\"https:\/\/www.facebook.com\/danataleducacion\" target=\"_blank\" rel=\"noopener\"><br \/>\n\t\t\t\t\t\tFacebook<br \/>\n\t\t\t\t\t\t\t\t\t\t\t<\/a><br \/>\n\t\t\t\t\t<a href=\"https:\/\/www.youtube.com\/channel\/UCZAJMgZOJ40PFXhWwOz8QLQ\" target=\"_blank\" rel=\"noopener\"><br \/>\n\t\t\t\t\t\tYoutube<br \/>\n\t\t\t\t\t\t\t\t\t\t\t<\/a><br \/>\n\t\t\t\t\t<a href=\"https:\/\/www.instagram.com\/danatal.educacion\/\" target=\"_blank\" rel=\"noopener\"><br \/>\n\t\t\t\t\t\tInstagram<br \/>\n\t\t\t\t\t\t\t\t\t\t\t<\/a><br \/>\n\t\t\t\t\t\t\t\t\t\t\t\t\t\t\t<img width=\"300\" height=\"300\" src=\"https:\/\/www.danatal.com\/site\/wp-content\/uploads\/2025\/07\/Danatal_LogotipoCompleto_EducacionPerinatal-04-1-1-300x300.png\" alt=\"\" loading=\"lazy\" srcset=\"https:\/\/www.danatal.com\/site\/wp-content\/uploads\/2025\/07\/Danatal_LogotipoCompleto_EducacionPerinatal-04-1-1-300x300.png 300w, https:\/\/www.danatal.com\/site\/wp-content\/uploads\/2025\/07\/Danatal_LogotipoCompleto_EducacionPerinatal-04-1-1-1024x1024.png 1024w, https:\/\/www.danatal.com\/site\/wp-content\/uploads\/2025\/07\/Danatal_LogotipoCompleto_EducacionPerinatal-04-1-1-150x150.png 150w, https:\/\/www.danatal.com\/site\/wp-content\/uploads\/2025\/07\/Danatal_LogotipoCompleto_EducacionPerinatal-04-1-1-768x768.png 768w, https:\/\/www.danatal.com\/site\/wp-content\/uploads\/2025\/07\/Danatal_LogotipoCompleto_EducacionPerinatal-04-1-1-1536x1536.png 1536w, https:\/\/www.danatal.com\/site\/wp-content\/uploads\/2025\/07\/Danatal_LogotipoCompleto_EducacionPerinatal-04-1-1-600x600.png 600w, https:\/\/www.danatal.com\/site\/wp-content\/uploads\/2025\/07\/Danatal_LogotipoCompleto_EducacionPerinatal-04-1-1-100x100.png 100w, https:\/\/www.danatal.com\/site\/wp-content\/uploads\/2025\/07\/Danatal_LogotipoCompleto_EducacionPerinatal-04-1-1.png 1773w\" sizes=\"(max-width: 300px) 100vw, 300px\" \/>\t\t\t\t\t\t\t\t\t\t\t\t\t\t\t<\/p>\n<p style=\"text-align: center;\"><a href=\"https:\/\/mkt.danatal.com\/politica-de-privacidad\">Pol\u00edtica de Privacidad<\/a> | <a href=\"https:\/\/mkt.danatal.com\/terminos-y-condiciones\">T\u00e9rminos y Condiciones<\/a> | <a href=\"https:\/\/mkt.danatal.com\/politicas-de-cookies\">Cookies<\/a><\/p>\n<p>\t\t\t\t\t\t\t\t\t\t\t\t\t\t\t<img width=\"263\" height=\"36\" src=\"https:\/\/www.danatal.com\/site\/wp-content\/uploads\/2021\/11\/metodos-de-pago-danatal.png\" alt=\"\" loading=\"lazy\" \/><\/p>\n","protected":false},"excerpt":{"rendered":"<p>Contacto Tu nombre Tu correo electr\u00f3nico Asunto Tu mensaje (opcional) \u00a1S\u00edguenos en Redes Sociales! Facebook Youtube Instagram Pol\u00edtica de Privacidad | T\u00e9rminos y Condiciones | Cookies<\/p>\n","protected":false},"author":1,"featured_media":0,"parent":0,"menu_order":0,"comment_status":"closed","ping_status":"closed","template":"elementor_header_footer","meta":[],"aioseo_notices":[],"_links":{"self":[{"href":"https:\/\/www.danatal.com\/site\/wp-json\/wp\/v2\/pages\/69"}],"collection":[{"href":"https:\/\/www.danatal.com\/site\/wp-json\/wp\/v2\/pages"}],"about":[{"href":"https:\/\/www.danatal.com\/site\/wp-json\/wp\/v2\/types\/page"}],"author":[{"embeddable":true,"href":"https:\/\/www.danatal.com\/site\/wp-json\/wp\/v2\/users\/1"}],"replies":[{"embeddable":true,"href":"https:\/\/www.danatal.com\/site\/wp-json\/wp\/v2\/comments?post=69"}],"version-history":[{"count":88,"href":"https:\/\/www.danatal.com\/site\/wp-json\/wp\/v2\/pages\/69\/revisions"}],"predecessor-version":[{"id":4597,"href":"https:\/\/www.danatal.com\/site\/wp-json\/wp\/v2\/pages\/69\/revisions\/4597"}],"wp:attachment":[{"href":"https:\/\/www.danatal.com\/site\/wp-json\/wp\/v2\/media?parent=69"}],"curies":[{"name":"wp","href":"https:\/\/api.w.org\/{rel}","templated":true}]}}