{"id":2079,"date":"2021-12-09T01:13:16","date_gmt":"2021-12-09T07:13:16","guid":{"rendered":"https:\/\/www.danatal.com\/site\/?post_type=product&#038;p=2079"},"modified":"2025-12-22T10:55:20","modified_gmt":"2025-12-22T16:55:20","slug":"yoga-prenatal","status":"publish","type":"product","link":"https:\/\/www.danatal.com\/site\/producto\/yoga-prenatal\/","title":{"rendered":"Yoga prenatal"},"content":{"rendered":"<p>Este programa de Yoga y acondicionamiento f\u00edsico Prenatal te ayudar\u00e1 a mantenerte en forma durante el embarazo, a conectarte con tu beb\u00e9, a relajarte y a preparar a tu cuerpo para el parto que deseas. Impartido por Maestras certificadas por Yoga Alliance y Doulas profesionales<\/p>\n","protected":false},"excerpt":{"rendered":"<p>Este programa est\u00e1 especialmente dise\u00f1ado para las mujeres que se encuentran en periodo de gestaci\u00f3n y desean mantenerse flexibles, saludables y en movimiento.<\/p>\n","protected":false},"featured_media":2003,"comment_status":"open","ping_status":"closed","template":"","meta":[],"product_cat":[111],"product_tag":[],"aioseo_notices":[],"_links":{"self":[{"href":"https:\/\/www.danatal.com\/site\/wp-json\/wp\/v2\/product\/2079"}],"collection":[{"href":"https:\/\/www.danatal.com\/site\/wp-json\/wp\/v2\/product"}],"about":[{"href":"https:\/\/www.danatal.com\/site\/wp-json\/wp\/v2\/types\/product"}],"replies":[{"embeddable":true,"href":"https:\/\/www.danatal.com\/site\/wp-json\/wp\/v2\/comments?post=2079"}],"wp:featuredmedia":[{"embeddable":true,"href":"https:\/\/www.danatal.com\/site\/wp-json\/wp\/v2\/media\/2003"}],"wp:attachment":[{"href":"https:\/\/www.danatal.com\/site\/wp-json\/wp\/v2\/media?parent=2079"}],"wp:term":[{"taxonomy":"product_cat","embeddable":true,"href":"https:\/\/www.danatal.com\/site\/wp-json\/wp\/v2\/product_cat?post=2079"},{"taxonomy":"product_tag","embeddable":true,"href":"https:\/\/www.danatal.com\/site\/wp-json\/wp\/v2\/product_tag?post=2079"}],"curies":[{"name":"wp","href":"https:\/\/api.w.org\/{rel}","templated":true}]}}